{"id":1014,"date":"2022-08-13T00:07:36","date_gmt":"2022-08-13T00:07:36","guid":{"rendered":"https:\/\/temime.shop\/?post_type=product&#038;p=1014"},"modified":"2025-10-05T21:32:43","modified_gmt":"2025-10-05T21:32:43","slug":"pack-de-caratulas-para-carpeta-no3","status":"publish","type":"product","link":"https:\/\/temime.shop\/index.php\/product\/pack-de-caratulas-para-carpeta-no3\/","title":{"rendered":"Pack de car\u00e1tulas para carpeta N\u00ba3"},"content":{"rendered":"","protected":false},"excerpt":{"rendered":"<p><b>Pack de 12 car\u00e1tulas\u00a0<\/b>para<b>\u00a0<\/b>carpeta N\u00ba3, impresas a todo color en papel ilustraci\u00f3n de 220g. 6 modelos diferentes de la tem\u00e1tica que elijas. Con Nombre, materia y a\u00f1o impreso.<\/p>\n","protected":false},"featured_media":1535,"template":"","meta":{"om_disable_all_campaigns":false,"_monsterinsights_skip_tracking":false,"_monsterinsights_sitenote_active":false,"_monsterinsights_sitenote_note":"","_monsterinsights_sitenote_category":0,"site-sidebar-layout":"default","site-content-layout":"default","ast-main-header-display":"","ast-hfb-above-header-display":"","ast-hfb-below-header-display":"","ast-hfb-mobile-header-display":"","site-post-title":"","ast-breadcrumbs-content":"","ast-featured-img":"","footer-sml-layout":"","theme-transparent-header-meta":"","adv-header-id-meta":"","stick-header-meta":"","header-above-stick-meta":"","header-main-stick-meta":"","header-below-stick-meta":""},"product_cat":[54],"product_tag":[],"aioseo_notices":[],"_links":{"self":[{"href":"https:\/\/temime.shop\/index.php\/wp-json\/wp\/v2\/product\/1014"}],"collection":[{"href":"https:\/\/temime.shop\/index.php\/wp-json\/wp\/v2\/product"}],"about":[{"href":"https:\/\/temime.shop\/index.php\/wp-json\/wp\/v2\/types\/product"}],"wp:featuredmedia":[{"embeddable":true,"href":"https:\/\/temime.shop\/index.php\/wp-json\/wp\/v2\/media\/1535"}],"wp:attachment":[{"href":"https:\/\/temime.shop\/index.php\/wp-json\/wp\/v2\/media?parent=1014"}],"wp:term":[{"taxonomy":"product_cat","embeddable":true,"href":"https:\/\/temime.shop\/index.php\/wp-json\/wp\/v2\/product_cat?post=1014"},{"taxonomy":"product_tag","embeddable":true,"href":"https:\/\/temime.shop\/index.php\/wp-json\/wp\/v2\/product_tag?post=1014"}],"curies":[{"name":"wp","href":"https:\/\/api.w.org\/{rel}","templated":true}]}}