{"id":1026,"date":"2022-08-13T00:18:05","date_gmt":"2022-08-13T00:18:05","guid":{"rendered":"https:\/\/temime.shop\/?post_type=product&#038;p=1026"},"modified":"2022-10-18T22:28:16","modified_gmt":"2022-10-18T22:28:16","slug":"etiquetas-con-codigo-qr-para-restaurantes","status":"publish","type":"product","link":"https:\/\/temime.shop\/index.php\/product\/etiquetas-con-codigo-qr-para-restaurantes\/","title":{"rendered":"Etiquetas con c\u00f3digo QR"},"content":{"rendered":"<div>Solicitar presupuesto<\/div>\n<div>Ofrec\u00e9 a tus clientes esta manera sencilla de acceder a tus productos y servicios, a trav\u00e9s de los c\u00f3digos QR.<\/div>\n","protected":false},"excerpt":{"rendered":"<div>Solicitar presupuesto<\/div>\n<div>Ofrec\u00e9 a tus clientes esta manera sencilla de acceder a tus productos y servicios, a trav\u00e9s de los c\u00f3digos QR.<\/div>\n","protected":false},"featured_media":1270,"template":"","meta":{"om_disable_all_campaigns":false,"_monsterinsights_skip_tracking":false,"_monsterinsights_sitenote_active":false,"_monsterinsights_sitenote_note":"","_monsterinsights_sitenote_category":0,"site-sidebar-layout":"default","site-content-layout":"default","ast-main-header-display":"","ast-hfb-above-header-display":"","ast-hfb-below-header-display":"","ast-hfb-mobile-header-display":"","site-post-title":"","ast-breadcrumbs-content":"","ast-featured-img":"","footer-sml-layout":"","theme-transparent-header-meta":"","adv-header-id-meta":"","stick-header-meta":"","header-above-stick-meta":"","header-main-stick-meta":"","header-below-stick-meta":""},"product_cat":[53],"product_tag":[],"aioseo_notices":[],"_links":{"self":[{"href":"https:\/\/temime.shop\/index.php\/wp-json\/wp\/v2\/product\/1026"}],"collection":[{"href":"https:\/\/temime.shop\/index.php\/wp-json\/wp\/v2\/product"}],"about":[{"href":"https:\/\/temime.shop\/index.php\/wp-json\/wp\/v2\/types\/product"}],"wp:featuredmedia":[{"embeddable":true,"href":"https:\/\/temime.shop\/index.php\/wp-json\/wp\/v2\/media\/1270"}],"wp:attachment":[{"href":"https:\/\/temime.shop\/index.php\/wp-json\/wp\/v2\/media?parent=1026"}],"wp:term":[{"taxonomy":"product_cat","embeddable":true,"href":"https:\/\/temime.shop\/index.php\/wp-json\/wp\/v2\/product_cat?post=1026"},{"taxonomy":"product_tag","embeddable":true,"href":"https:\/\/temime.shop\/index.php\/wp-json\/wp\/v2\/product_tag?post=1026"}],"curies":[{"name":"wp","href":"https:\/\/api.w.org\/{rel}","templated":true}]}}