{"id":1035,"date":"2022-08-13T00:27:18","date_gmt":"2022-08-13T00:27:18","guid":{"rendered":"https:\/\/temime.shop\/?post_type=product&#038;p=1035"},"modified":"2022-10-21T22:41:13","modified_gmt":"2022-10-21T22:41:13","slug":"diseno-de-iconos-y-placas-para-feed-de-instagram","status":"publish","type":"product","link":"https:\/\/temime.shop\/index.php\/product\/diseno-de-iconos-y-placas-para-feed-de-instagram\/","title":{"rendered":"Dise\u00f1o para Instagram"},"content":{"rendered":"","protected":false},"excerpt":{"rendered":"<p><b>Dise\u00f1o de \u00edconos y placas para feed de Instagram\u00a0<\/b>(Solicitar presupuesto)<\/p>\n","protected":false},"featured_media":1325,"template":"","meta":{"om_disable_all_campaigns":false,"_monsterinsights_skip_tracking":false,"_monsterinsights_sitenote_active":false,"_monsterinsights_sitenote_note":"","_monsterinsights_sitenote_category":0,"site-sidebar-layout":"default","site-content-layout":"default","ast-main-header-display":"","ast-hfb-above-header-display":"","ast-hfb-below-header-display":"","ast-hfb-mobile-header-display":"","site-post-title":"","ast-breadcrumbs-content":"","ast-featured-img":"","footer-sml-layout":"","theme-transparent-header-meta":"","adv-header-id-meta":"","stick-header-meta":"","header-above-stick-meta":"","header-main-stick-meta":"","header-below-stick-meta":""},"product_cat":[55],"product_tag":[],"aioseo_notices":[],"_links":{"self":[{"href":"https:\/\/temime.shop\/index.php\/wp-json\/wp\/v2\/product\/1035"}],"collection":[{"href":"https:\/\/temime.shop\/index.php\/wp-json\/wp\/v2\/product"}],"about":[{"href":"https:\/\/temime.shop\/index.php\/wp-json\/wp\/v2\/types\/product"}],"wp:featuredmedia":[{"embeddable":true,"href":"https:\/\/temime.shop\/index.php\/wp-json\/wp\/v2\/media\/1325"}],"wp:attachment":[{"href":"https:\/\/temime.shop\/index.php\/wp-json\/wp\/v2\/media?parent=1035"}],"wp:term":[{"taxonomy":"product_cat","embeddable":true,"href":"https:\/\/temime.shop\/index.php\/wp-json\/wp\/v2\/product_cat?post=1035"},{"taxonomy":"product_tag","embeddable":true,"href":"https:\/\/temime.shop\/index.php\/wp-json\/wp\/v2\/product_tag?post=1035"}],"curies":[{"name":"wp","href":"https:\/\/api.w.org\/{rel}","templated":true}]}}