{"id":1046,"date":"2022-08-13T00:35:22","date_gmt":"2022-08-13T00:35:22","guid":{"rendered":"https:\/\/temime.shop\/?post_type=product&#038;p=1046"},"modified":"2025-10-05T21:22:45","modified_gmt":"2025-10-05T21:22:45","slug":"lamina-signo-de-nacimiento-del-bebe","status":"publish","type":"product","link":"https:\/\/temime.shop\/index.php\/product\/lamina-signo-de-nacimiento-del-bebe\/","title":{"rendered":"L\u00e1mina Signo d\u00eda de Nacimiento Beb\u00e9"},"content":{"rendered":"","protected":false},"excerpt":{"rendered":"<p><b>L\u00e1mina Signo d\u00eda de Nacimiento Beb\u00e9, con datos de hora, peso, altura. Con caracter\u00edsticas principales del signo del Zod\u00edaco.<\/b><\/p>\n<p><b>Se entrega en digital, en PDF listo para imprimir a la medida que necesites.<\/b><\/p>\n","protected":false},"featured_media":1142,"template":"","meta":{"om_disable_all_campaigns":false,"_monsterinsights_skip_tracking":false,"_monsterinsights_sitenote_active":false,"_monsterinsights_sitenote_note":"","_monsterinsights_sitenote_category":0,"site-sidebar-layout":"default","site-content-layout":"default","ast-main-header-display":"","ast-hfb-above-header-display":"","ast-hfb-below-header-display":"","ast-hfb-mobile-header-display":"","site-post-title":"","ast-breadcrumbs-content":"","ast-featured-img":"","footer-sml-layout":"","theme-transparent-header-meta":"","adv-header-id-meta":"","stick-header-meta":"","header-above-stick-meta":"","header-main-stick-meta":"","header-below-stick-meta":""},"product_cat":[56],"product_tag":[],"aioseo_notices":[],"_links":{"self":[{"href":"https:\/\/temime.shop\/index.php\/wp-json\/wp\/v2\/product\/1046"}],"collection":[{"href":"https:\/\/temime.shop\/index.php\/wp-json\/wp\/v2\/product"}],"about":[{"href":"https:\/\/temime.shop\/index.php\/wp-json\/wp\/v2\/types\/product"}],"wp:featuredmedia":[{"embeddable":true,"href":"https:\/\/temime.shop\/index.php\/wp-json\/wp\/v2\/media\/1142"}],"wp:attachment":[{"href":"https:\/\/temime.shop\/index.php\/wp-json\/wp\/v2\/media?parent=1046"}],"wp:term":[{"taxonomy":"product_cat","embeddable":true,"href":"https:\/\/temime.shop\/index.php\/wp-json\/wp\/v2\/product_cat?post=1046"},{"taxonomy":"product_tag","embeddable":true,"href":"https:\/\/temime.shop\/index.php\/wp-json\/wp\/v2\/product_tag?post=1046"}],"curies":[{"name":"wp","href":"https:\/\/api.w.org\/{rel}","templated":true}]}}