{"id":1230,"date":"2022-10-18T14:16:41","date_gmt":"2022-10-18T14:16:41","guid":{"rendered":"https:\/\/temime.shop\/?post_type=product&#038;p=1230"},"modified":"2025-10-05T20:59:33","modified_gmt":"2025-10-05T20:59:33","slug":"organizador-de-emergencia","status":"publish","type":"product","link":"https:\/\/temime.shop\/index.php\/product\/organizador-de-emergencia\/","title":{"rendered":"Organizador de Emergencias"},"content":{"rendered":"","protected":false},"excerpt":{"rendered":"<p>\ud83d\udc49 Plan de Emergencias: Qui\u00e9n no se desespera ante una emergencia y no sabe a qui\u00e9n llamar, o no encuentra d\u00f3nde est\u00e1n los carnets de la obra social?<br \/>\nEn este organizador imantado pod\u00e9s personalizar toda la informaci\u00f3n que necesitas para acudir ante cualquier emergencia y tenerlo siempre a la vista de la familia,\u00a0s\u00fauuper pr\u00e1ctico y \u00fatil!<\/p>\n","protected":false},"featured_media":1235,"template":"","meta":{"om_disable_all_campaigns":false,"_monsterinsights_skip_tracking":false,"_monsterinsights_sitenote_active":false,"_monsterinsights_sitenote_note":"","_monsterinsights_sitenote_category":0,"site-sidebar-layout":"default","site-content-layout":"default","ast-main-header-display":"","ast-hfb-above-header-display":"","ast-hfb-below-header-display":"","ast-hfb-mobile-header-display":"","site-post-title":"","ast-breadcrumbs-content":"","ast-featured-img":"","footer-sml-layout":"","theme-transparent-header-meta":"","adv-header-id-meta":"","stick-header-meta":"","header-above-stick-meta":"","header-main-stick-meta":"","header-below-stick-meta":""},"product_cat":[52],"product_tag":[],"aioseo_notices":[],"_links":{"self":[{"href":"https:\/\/temime.shop\/index.php\/wp-json\/wp\/v2\/product\/1230"}],"collection":[{"href":"https:\/\/temime.shop\/index.php\/wp-json\/wp\/v2\/product"}],"about":[{"href":"https:\/\/temime.shop\/index.php\/wp-json\/wp\/v2\/types\/product"}],"wp:featuredmedia":[{"embeddable":true,"href":"https:\/\/temime.shop\/index.php\/wp-json\/wp\/v2\/media\/1235"}],"wp:attachment":[{"href":"https:\/\/temime.shop\/index.php\/wp-json\/wp\/v2\/media?parent=1230"}],"wp:term":[{"taxonomy":"product_cat","embeddable":true,"href":"https:\/\/temime.shop\/index.php\/wp-json\/wp\/v2\/product_cat?post=1230"},{"taxonomy":"product_tag","embeddable":true,"href":"https:\/\/temime.shop\/index.php\/wp-json\/wp\/v2\/product_tag?post=1230"}],"curies":[{"name":"wp","href":"https:\/\/api.w.org\/{rel}","templated":true}]}}