{"id":1242,"date":"2022-10-18T15:11:50","date_gmt":"2022-10-18T15:11:50","guid":{"rendered":"https:\/\/temime.shop\/?post_type=product&#038;p=1242"},"modified":"2022-10-18T21:08:03","modified_gmt":"2022-10-18T21:08:03","slug":"libro-de-cumple-solicitar-presupuesto","status":"publish","type":"product","link":"https:\/\/temime.shop\/index.php\/product\/libro-de-cumple-solicitar-presupuesto\/","title":{"rendered":"Libro de Cumple. (Solicitar presupuesto)"},"content":{"rendered":"","protected":false},"excerpt":{"rendered":"<div>Este regalo de cumplea\u00f1os es un cuento personalizado. El texto es un poema cuyas estrofas riman con el nombre del protagonista, y las ilustraciones juegan con situaciones en las que se imagina cuando sea grande.<\/div>\n<div>Estos cuentos personalizados son hermosos para regalar cuando los ni\u00f1os son peque\u00f1os porque les encanta ser protagonistas y visualizar las cosas que m\u00e1s les gusta hacer, incorporando a sus amigos y familiares. Un cuento que se puede recrear una y otra vez!<\/div>\n","protected":false},"featured_media":1256,"template":"","meta":{"om_disable_all_campaigns":false,"_monsterinsights_skip_tracking":false,"_monsterinsights_sitenote_active":false,"_monsterinsights_sitenote_note":"","_monsterinsights_sitenote_category":0,"site-sidebar-layout":"default","site-content-layout":"default","ast-main-header-display":"","ast-hfb-above-header-display":"","ast-hfb-below-header-display":"","ast-hfb-mobile-header-display":"","site-post-title":"","ast-breadcrumbs-content":"","ast-featured-img":"","footer-sml-layout":"","theme-transparent-header-meta":"","adv-header-id-meta":"","stick-header-meta":"","header-above-stick-meta":"","header-main-stick-meta":"","header-below-stick-meta":""},"product_cat":[57],"product_tag":[],"aioseo_notices":[],"_links":{"self":[{"href":"https:\/\/temime.shop\/index.php\/wp-json\/wp\/v2\/product\/1242"}],"collection":[{"href":"https:\/\/temime.shop\/index.php\/wp-json\/wp\/v2\/product"}],"about":[{"href":"https:\/\/temime.shop\/index.php\/wp-json\/wp\/v2\/types\/product"}],"wp:featuredmedia":[{"embeddable":true,"href":"https:\/\/temime.shop\/index.php\/wp-json\/wp\/v2\/media\/1256"}],"wp:attachment":[{"href":"https:\/\/temime.shop\/index.php\/wp-json\/wp\/v2\/media?parent=1242"}],"wp:term":[{"taxonomy":"product_cat","embeddable":true,"href":"https:\/\/temime.shop\/index.php\/wp-json\/wp\/v2\/product_cat?post=1242"},{"taxonomy":"product_tag","embeddable":true,"href":"https:\/\/temime.shop\/index.php\/wp-json\/wp\/v2\/product_tag?post=1242"}],"curies":[{"name":"wp","href":"https:\/\/api.w.org\/{rel}","templated":true}]}}