{"id":1243,"date":"2022-10-18T15:12:59","date_gmt":"2022-10-18T15:12:59","guid":{"rendered":"https:\/\/temime.shop\/?post_type=product&#038;p=1243"},"modified":"2024-08-16T13:31:07","modified_gmt":"2024-08-16T13:31:07","slug":"ingenio-clic","status":"publish","type":"product","link":"https:\/\/temime.shop\/index.php\/product\/ingenio-clic\/","title":{"rendered":"Ingenio Clic"},"content":{"rendered":"","protected":false},"excerpt":{"rendered":"<p>Juego de Ingenio imantado. Vienen en 4 modelos: Among Us; Unicornios; Sonic y Emojis.<br \/>\nGarantizo que se divertir\u00e1n como nosotros!<\/p>\n<p>\ud83d\udccc Son 9 piezas imantadas de 3 x 3 cm. Sobre plancha imantada.<br \/>\n\ud83d\udccc Tambi\u00e9n pod\u00e9s jugar en la heladera o sobre cualquier superficie met\u00e1lica.<br \/>\n\ud83d\udccc Ideales para regalar como souvenir de cumplea\u00f1os. Descuento por cantidad.<\/p>\n","protected":false},"featured_media":1249,"template":"","meta":{"om_disable_all_campaigns":false,"_monsterinsights_skip_tracking":false,"_monsterinsights_sitenote_active":false,"_monsterinsights_sitenote_note":"","_monsterinsights_sitenote_category":0,"site-sidebar-layout":"default","site-content-layout":"default","ast-main-header-display":"","ast-hfb-above-header-display":"","ast-hfb-below-header-display":"","ast-hfb-mobile-header-display":"","site-post-title":"","ast-breadcrumbs-content":"","ast-featured-img":"","footer-sml-layout":"","theme-transparent-header-meta":"","adv-header-id-meta":"","stick-header-meta":"","header-above-stick-meta":"","header-main-stick-meta":"","header-below-stick-meta":""},"product_cat":[57],"product_tag":[],"aioseo_notices":[],"_links":{"self":[{"href":"https:\/\/temime.shop\/index.php\/wp-json\/wp\/v2\/product\/1243"}],"collection":[{"href":"https:\/\/temime.shop\/index.php\/wp-json\/wp\/v2\/product"}],"about":[{"href":"https:\/\/temime.shop\/index.php\/wp-json\/wp\/v2\/types\/product"}],"wp:featuredmedia":[{"embeddable":true,"href":"https:\/\/temime.shop\/index.php\/wp-json\/wp\/v2\/media\/1249"}],"wp:attachment":[{"href":"https:\/\/temime.shop\/index.php\/wp-json\/wp\/v2\/media?parent=1243"}],"wp:term":[{"taxonomy":"product_cat","embeddable":true,"href":"https:\/\/temime.shop\/index.php\/wp-json\/wp\/v2\/product_cat?post=1243"},{"taxonomy":"product_tag","embeddable":true,"href":"https:\/\/temime.shop\/index.php\/wp-json\/wp\/v2\/product_tag?post=1243"}],"curies":[{"name":"wp","href":"https:\/\/api.w.org\/{rel}","templated":true}]}}