{"id":1262,"date":"2022-10-18T22:04:15","date_gmt":"2022-10-18T22:04:15","guid":{"rendered":"https:\/\/temime.shop\/?post_type=product&#038;p=1262"},"modified":"2025-10-05T21:54:43","modified_gmt":"2025-10-05T21:54:43","slug":"promo-escolar","status":"publish","type":"product","link":"https:\/\/temime.shop\/index.php\/product\/promo-escolar\/","title":{"rendered":"Promo Escolar"},"content":{"rendered":"","protected":false},"excerpt":{"rendered":"<div>Llevando estos productos de la misma tem\u00e1tica: Pack de Etiquetas, Agenda escolar, Pack de car\u00e1tulas, obten\u00e9s un 10% de descuento sobre el total del pedido.<\/div>\n<div><\/div>\n","protected":false},"featured_media":1263,"template":"","meta":{"om_disable_all_campaigns":false,"_monsterinsights_skip_tracking":false,"_monsterinsights_sitenote_active":false,"_monsterinsights_sitenote_note":"","_monsterinsights_sitenote_category":0,"site-sidebar-layout":"default","site-content-layout":"default","ast-main-header-display":"","ast-hfb-above-header-display":"","ast-hfb-below-header-display":"","ast-hfb-mobile-header-display":"","site-post-title":"","ast-breadcrumbs-content":"","ast-featured-img":"","footer-sml-layout":"","theme-transparent-header-meta":"","adv-header-id-meta":"","stick-header-meta":"","header-above-stick-meta":"","header-main-stick-meta":"","header-below-stick-meta":""},"product_cat":[54],"product_tag":[],"aioseo_notices":[],"_links":{"self":[{"href":"https:\/\/temime.shop\/index.php\/wp-json\/wp\/v2\/product\/1262"}],"collection":[{"href":"https:\/\/temime.shop\/index.php\/wp-json\/wp\/v2\/product"}],"about":[{"href":"https:\/\/temime.shop\/index.php\/wp-json\/wp\/v2\/types\/product"}],"wp:featuredmedia":[{"embeddable":true,"href":"https:\/\/temime.shop\/index.php\/wp-json\/wp\/v2\/media\/1263"}],"wp:attachment":[{"href":"https:\/\/temime.shop\/index.php\/wp-json\/wp\/v2\/media?parent=1262"}],"wp:term":[{"taxonomy":"product_cat","embeddable":true,"href":"https:\/\/temime.shop\/index.php\/wp-json\/wp\/v2\/product_cat?post=1262"},{"taxonomy":"product_tag","embeddable":true,"href":"https:\/\/temime.shop\/index.php\/wp-json\/wp\/v2\/product_tag?post=1262"}],"curies":[{"name":"wp","href":"https:\/\/api.w.org\/{rel}","templated":true}]}}