{"id":1346,"date":"2022-10-21T23:19:40","date_gmt":"2022-10-21T23:19:40","guid":{"rendered":"https:\/\/temime.shop\/?post_type=product&#038;p=1346"},"modified":"2022-11-01T13:30:36","modified_gmt":"2022-11-01T13:30:36","slug":"libro-nacimiento-1oano","status":"publish","type":"product","link":"https:\/\/temime.shop\/index.php\/product\/libro-nacimiento-1oano\/","title":{"rendered":"Libro Nacimiento \/ 1\u00baA\u00f1o"},"content":{"rendered":"","protected":false},"excerpt":{"rendered":"<p>Un \u00e1lbum muy especial que re\u00fane los m\u00e1s bellos momentos de los doce primeros meses del\u00a0Beb\u00e9.\u00a0Un hermoso recuerdo\u00a0para completar con fotos y dedicatorias de todos los seres queridos que\u00a0comparten ese d\u00eda tan especial.\u00a0\u00a0(Solicitar presupuesto)<\/p>\n","protected":false},"featured_media":1398,"template":"","meta":{"om_disable_all_campaigns":false,"_monsterinsights_skip_tracking":false,"_monsterinsights_sitenote_active":false,"_monsterinsights_sitenote_note":"","_monsterinsights_sitenote_category":0,"site-sidebar-layout":"default","site-content-layout":"default","ast-main-header-display":"","ast-hfb-above-header-display":"","ast-hfb-below-header-display":"","ast-hfb-mobile-header-display":"","site-post-title":"","ast-breadcrumbs-content":"","ast-featured-img":"","footer-sml-layout":"","theme-transparent-header-meta":"","adv-header-id-meta":"","stick-header-meta":"","header-above-stick-meta":"","header-main-stick-meta":"","header-below-stick-meta":""},"product_cat":[56],"product_tag":[],"aioseo_notices":[],"_links":{"self":[{"href":"https:\/\/temime.shop\/index.php\/wp-json\/wp\/v2\/product\/1346"}],"collection":[{"href":"https:\/\/temime.shop\/index.php\/wp-json\/wp\/v2\/product"}],"about":[{"href":"https:\/\/temime.shop\/index.php\/wp-json\/wp\/v2\/types\/product"}],"wp:featuredmedia":[{"embeddable":true,"href":"https:\/\/temime.shop\/index.php\/wp-json\/wp\/v2\/media\/1398"}],"wp:attachment":[{"href":"https:\/\/temime.shop\/index.php\/wp-json\/wp\/v2\/media?parent=1346"}],"wp:term":[{"taxonomy":"product_cat","embeddable":true,"href":"https:\/\/temime.shop\/index.php\/wp-json\/wp\/v2\/product_cat?post=1346"},{"taxonomy":"product_tag","embeddable":true,"href":"https:\/\/temime.shop\/index.php\/wp-json\/wp\/v2\/product_tag?post=1346"}],"curies":[{"name":"wp","href":"https:\/\/api.w.org\/{rel}","templated":true}]}}