{"id":811,"date":"2022-06-22T02:00:17","date_gmt":"2022-06-22T02:00:17","guid":{"rendered":"http:\/\/temime.shop\/?post_type=product&#038;p=811"},"modified":"2025-10-05T21:04:33","modified_gmt":"2025-10-05T21:04:33","slug":"pizarras-imantadas","status":"publish","type":"product","link":"https:\/\/temime.shop\/index.php\/product\/pizarras-imantadas\/","title":{"rendered":"Pizarra Semanal Imantada"},"content":{"rendered":"","protected":false},"excerpt":{"rendered":"<p>Para los que hacemos homeoffice, para los que tenemos ni\u00f1os en edad escolar y tantos cambios de horarios en la familia&#8230; no queda otra que intentar mantener la semana organizada&#8230; Si no&#8230; \u00a1Se viene el caos! Jaja!!!<\/p>\n<p>\ud83d\uddd3 Pizarras imantadas para heladera, para tener a la vista la semana y organizarte!<br \/>\n\ud83d\udc49 Medida: 30&#215;23 cm<br \/>\n\ud83d\udc49 Incluye marcador con im\u00e1n y borrador.<br \/>\n\ud83d\udc49 Si est\u00e1s pensando en hacer un regalo, tambi\u00e9n se puede personalizar con el nombre, o con el logo y la imagen de tu empresa.<br \/>\n\u00a1Ped\u00ed s\u00f3lo las unidades que necesit\u00e1s!\u2063\u2063<\/p>\n<p>\ud83d\udc49 Hay m\u00e1s modelos!<\/p>\n","protected":false},"featured_media":1217,"template":"","meta":{"om_disable_all_campaigns":false,"_monsterinsights_skip_tracking":false,"_monsterinsights_sitenote_active":false,"_monsterinsights_sitenote_note":"","_monsterinsights_sitenote_category":0,"site-sidebar-layout":"default","site-content-layout":"default","ast-main-header-display":"","ast-hfb-above-header-display":"","ast-hfb-below-header-display":"","ast-hfb-mobile-header-display":"","site-post-title":"","ast-breadcrumbs-content":"","ast-featured-img":"","footer-sml-layout":"","theme-transparent-header-meta":"","adv-header-id-meta":"","stick-header-meta":"","header-above-stick-meta":"","header-main-stick-meta":"","header-below-stick-meta":""},"product_cat":[52],"product_tag":[],"aioseo_notices":[],"_links":{"self":[{"href":"https:\/\/temime.shop\/index.php\/wp-json\/wp\/v2\/product\/811"}],"collection":[{"href":"https:\/\/temime.shop\/index.php\/wp-json\/wp\/v2\/product"}],"about":[{"href":"https:\/\/temime.shop\/index.php\/wp-json\/wp\/v2\/types\/product"}],"wp:featuredmedia":[{"embeddable":true,"href":"https:\/\/temime.shop\/index.php\/wp-json\/wp\/v2\/media\/1217"}],"wp:attachment":[{"href":"https:\/\/temime.shop\/index.php\/wp-json\/wp\/v2\/media?parent=811"}],"wp:term":[{"taxonomy":"product_cat","embeddable":true,"href":"https:\/\/temime.shop\/index.php\/wp-json\/wp\/v2\/product_cat?post=811"},{"taxonomy":"product_tag","embeddable":true,"href":"https:\/\/temime.shop\/index.php\/wp-json\/wp\/v2\/product_tag?post=811"}],"curies":[{"name":"wp","href":"https:\/\/api.w.org\/{rel}","templated":true}]}}