{"id":813,"date":"2022-06-22T02:13:12","date_gmt":"2022-06-22T02:13:12","guid":{"rendered":"http:\/\/temime.shop\/?post_type=product&#038;p=813"},"modified":"2022-11-09T17:37:07","modified_gmt":"2022-11-09T17:37:07","slug":"pizarras-imantadas-corporativas","status":"publish","type":"product","link":"https:\/\/temime.shop\/index.php\/product\/pizarras-imantadas-corporativas\/","title":{"rendered":"Pizarra Corporativa Imantada"},"content":{"rendered":"","protected":false},"excerpt":{"rendered":"<p>\ud83d\uddd3 Pizarra imantada corporativa para heladera, para tener a la vista la semana y organizarte!<\/p>\n<div><img class=\"an1\" src=\"https:\/\/fonts.gstatic.com\/s\/e\/notoemoji\/14.0\/1f449\/32.png\" alt=\"\ud83d\udc49\" data-emoji=\"\ud83d\udc49\" aria-label=\"\ud83d\udc49\" \/>\u00a0Hac\u00e9 que tu empresa logre m\u00e1s presencia de marca\u00a0con el logo y la imagen de tu empresa,\u00a0para que tus clientes te promocionen durante todo el a\u00f1o.<\/div>\n<div><img class=\"an1\" src=\"https:\/\/fonts.gstatic.com\/s\/e\/notoemoji\/14.0\/1f449\/32.png\" alt=\"\ud83d\udc49\" data-emoji=\"\ud83d\udc49\" aria-label=\"\ud83d\udc49\" \/>\u00a0Si est\u00e1s pensando en hacer un regalo, pod\u00e9s personalizarla con el nombre.<\/div>\n<div><img class=\"an1\" src=\"https:\/\/fonts.gstatic.com\/s\/e\/notoemoji\/14.0\/1f449\/32.png\" alt=\"\ud83d\udc49\" data-emoji=\"\ud83d\udc49\" aria-label=\"\ud83d\udc49\" \/>\u00a0\u00a1Ped\u00ed s\u00f3lo las unidades que necesit\u00e1s!\u2063\u2063<\/div>\n<div><img class=\"an1\" src=\"https:\/\/fonts.gstatic.com\/s\/e\/notoemoji\/14.0\/1f449\/32.png\" alt=\"\ud83d\udc49\" data-emoji=\"\ud83d\udc49\" aria-label=\"\ud83d\udc49\" \/> Solicitar presupuesto.<\/div>\n","protected":false},"featured_media":1224,"template":"","meta":{"om_disable_all_campaigns":false,"_monsterinsights_skip_tracking":false,"_monsterinsights_sitenote_active":false,"_monsterinsights_sitenote_note":"","_monsterinsights_sitenote_category":0,"site-sidebar-layout":"default","site-content-layout":"default","ast-main-header-display":"","ast-hfb-above-header-display":"","ast-hfb-below-header-display":"","ast-hfb-mobile-header-display":"","site-post-title":"","ast-breadcrumbs-content":"","ast-featured-img":"","footer-sml-layout":"","theme-transparent-header-meta":"","adv-header-id-meta":"","stick-header-meta":"","header-above-stick-meta":"","header-main-stick-meta":"","header-below-stick-meta":""},"product_cat":[52],"product_tag":[36,23],"aioseo_notices":[],"_links":{"self":[{"href":"https:\/\/temime.shop\/index.php\/wp-json\/wp\/v2\/product\/813"}],"collection":[{"href":"https:\/\/temime.shop\/index.php\/wp-json\/wp\/v2\/product"}],"about":[{"href":"https:\/\/temime.shop\/index.php\/wp-json\/wp\/v2\/types\/product"}],"wp:featuredmedia":[{"embeddable":true,"href":"https:\/\/temime.shop\/index.php\/wp-json\/wp\/v2\/media\/1224"}],"wp:attachment":[{"href":"https:\/\/temime.shop\/index.php\/wp-json\/wp\/v2\/media?parent=813"}],"wp:term":[{"taxonomy":"product_cat","embeddable":true,"href":"https:\/\/temime.shop\/index.php\/wp-json\/wp\/v2\/product_cat?post=813"},{"taxonomy":"product_tag","embeddable":true,"href":"https:\/\/temime.shop\/index.php\/wp-json\/wp\/v2\/product_tag?post=813"}],"curies":[{"name":"wp","href":"https:\/\/api.w.org\/{rel}","templated":true}]}}