{"id":822,"date":"2022-06-22T02:24:57","date_gmt":"2022-06-22T02:24:57","guid":{"rendered":"http:\/\/temime.shop\/?post_type=product&#038;p=822"},"modified":"2022-10-18T14:40:17","modified_gmt":"2022-10-18T14:40:17","slug":"alcancias","status":"publish","type":"product","link":"https:\/\/temime.shop\/index.php\/product\/alcancias\/","title":{"rendered":"ALCANCIAS"},"content":{"rendered":"","protected":false},"excerpt":{"rendered":"<p>\ud83c\udf1fEl regalo perfecto para ense\u00f1ar a nuestros peque\u00f1os el buen h\u00e1bito de ahorrar con un prop\u00f3sito\ud83d\udcb0\ud83d\udc37 y qu\u00e9 mejor que motivarlos con estas alcanc\u00edas s\u00faper cancheras, con dise\u00f1os \u00fanicos y personalizados en todas las tem\u00e1ticas.<br \/>\n.<br \/>\n\ud83d\udccd 2 medidas : 12&#215;17 cm y 15&#215;20, para colgar y\/o apoyar, tanto en vertical, como en horizontal. Se quita el dinero sin romper la alcanc\u00eda, son desmontables. De metal, colores disponibles: rosa con estrellas metalizadas, celeste con estrellas metalizadas y en negro.<br \/>\n.<br \/>\n\ud83d\udccdPod\u00e9s retirar sin cargo por palermo\/ Almagro y Agronom\u00eda en el Showroom de @hagamosuntrato y @armonyser.<br \/>\nHac\u00e9 tu encargo a temimerecuerdos@gmail.com<br \/>\n.\ud83d\udccd Personalizalas a tu gusto!<\/p>\n","protected":false},"featured_media":823,"template":"","meta":{"om_disable_all_campaigns":false,"_monsterinsights_skip_tracking":false,"_monsterinsights_sitenote_active":false,"_monsterinsights_sitenote_note":"","_monsterinsights_sitenote_category":0,"site-sidebar-layout":"default","site-content-layout":"default","ast-main-header-display":"","ast-hfb-above-header-display":"","ast-hfb-below-header-display":"","ast-hfb-mobile-header-display":"","site-post-title":"","ast-breadcrumbs-content":"","ast-featured-img":"","footer-sml-layout":"","theme-transparent-header-meta":"","adv-header-id-meta":"","stick-header-meta":"","header-above-stick-meta":"","header-main-stick-meta":"","header-below-stick-meta":""},"product_cat":[57],"product_tag":[23],"aioseo_notices":[],"_links":{"self":[{"href":"https:\/\/temime.shop\/index.php\/wp-json\/wp\/v2\/product\/822"}],"collection":[{"href":"https:\/\/temime.shop\/index.php\/wp-json\/wp\/v2\/product"}],"about":[{"href":"https:\/\/temime.shop\/index.php\/wp-json\/wp\/v2\/types\/product"}],"wp:featuredmedia":[{"embeddable":true,"href":"https:\/\/temime.shop\/index.php\/wp-json\/wp\/v2\/media\/823"}],"wp:attachment":[{"href":"https:\/\/temime.shop\/index.php\/wp-json\/wp\/v2\/media?parent=822"}],"wp:term":[{"taxonomy":"product_cat","embeddable":true,"href":"https:\/\/temime.shop\/index.php\/wp-json\/wp\/v2\/product_cat?post=822"},{"taxonomy":"product_tag","embeddable":true,"href":"https:\/\/temime.shop\/index.php\/wp-json\/wp\/v2\/product_tag?post=822"}],"curies":[{"name":"wp","href":"https:\/\/api.w.org\/{rel}","templated":true}]}}