{"id":871,"date":"2022-06-22T03:10:34","date_gmt":"2022-06-22T03:10:34","guid":{"rendered":"http:\/\/temime.shop\/?post_type=product&#038;p=871"},"modified":"2025-10-05T21:42:42","modified_gmt":"2025-10-05T21:42:42","slug":"cuadro-familia-3","status":"publish","type":"product","link":"https:\/\/temime.shop\/index.php\/product\/cuadro-familia-3\/","title":{"rendered":"CUADRO FAMILIA"},"content":{"rendered":"","protected":false},"excerpt":{"rendered":"<p>\u00c1rbol Familiar personalizado \ud83d\udc68\u200d\ud83d\udc69\u200d\ud83d\udc67 para darle m\u00e1s amor a tu hogar.<br \/>\nLa l\u00e1mina se personaliza con dise\u00f1os disponibles, a tu gusto!<br \/>\nMedida: 20&#215;30 o a la medida del marco que tengas.<br \/>\nSe imprime en papel opalina de 300g.<\/p>\n<p>Opci\u00f3n: tambi\u00e9n pod\u00e9s hacer tu pedido en versi\u00f3n digital.<\/p>\n<p>Pod\u00e9s pagar con Mercado Pago o transferencia bancaria.<br \/>\nPara personalizar tu cuadro familiar, cons\u00faltame<\/p>\n","protected":false},"featured_media":864,"template":"","meta":{"om_disable_all_campaigns":false,"_monsterinsights_skip_tracking":false,"_monsterinsights_sitenote_active":false,"_monsterinsights_sitenote_note":"","_monsterinsights_sitenote_category":0,"site-sidebar-layout":"default","site-content-layout":"default","ast-main-header-display":"","ast-hfb-above-header-display":"","ast-hfb-below-header-display":"","ast-hfb-mobile-header-display":"","site-post-title":"","ast-breadcrumbs-content":"","ast-featured-img":"","footer-sml-layout":"","theme-transparent-header-meta":"","adv-header-id-meta":"","stick-header-meta":"","header-above-stick-meta":"","header-main-stick-meta":"","header-below-stick-meta":""},"product_cat":[63],"product_tag":[],"aioseo_notices":[],"_links":{"self":[{"href":"https:\/\/temime.shop\/index.php\/wp-json\/wp\/v2\/product\/871"}],"collection":[{"href":"https:\/\/temime.shop\/index.php\/wp-json\/wp\/v2\/product"}],"about":[{"href":"https:\/\/temime.shop\/index.php\/wp-json\/wp\/v2\/types\/product"}],"wp:featuredmedia":[{"embeddable":true,"href":"https:\/\/temime.shop\/index.php\/wp-json\/wp\/v2\/media\/864"}],"wp:attachment":[{"href":"https:\/\/temime.shop\/index.php\/wp-json\/wp\/v2\/media?parent=871"}],"wp:term":[{"taxonomy":"product_cat","embeddable":true,"href":"https:\/\/temime.shop\/index.php\/wp-json\/wp\/v2\/product_cat?post=871"},{"taxonomy":"product_tag","embeddable":true,"href":"https:\/\/temime.shop\/index.php\/wp-json\/wp\/v2\/product_tag?post=871"}],"curies":[{"name":"wp","href":"https:\/\/api.w.org\/{rel}","templated":true}]}}