{"id":888,"date":"2022-06-22T03:50:58","date_gmt":"2022-06-22T03:50:58","guid":{"rendered":"http:\/\/temime.shop\/?post_type=product&#038;p=888"},"modified":"2022-10-18T21:06:55","modified_gmt":"2022-10-18T21:06:55","slug":"album","status":"publish","type":"product","link":"https:\/\/temime.shop\/index.php\/product\/album\/","title":{"rendered":"Foto \u00c1lbum (Solicitar presupuesto)"},"content":{"rendered":"","protected":false},"excerpt":{"rendered":"<p>En cada p\u00e1gina se encuentran las fotos de cada familiar, para que dejen un deseo y escriban un lindo momento para que pueda ser compartido. .<br \/>\n\u00c1lbum de firmas y deseos para el Primer A\u00f1o. Personaliz\u00e1 el tuyo con fotos y nombres de los familiares.<br \/>\n.<br \/>\nTama\u00f1o 21 x 15 cm<br \/>\nFull color<br \/>\n12 p\u00e1ginas personalizadas<br \/>\nCalidad de papel: Opalina 150 o 300 g<br \/>\n.<br \/>\nQu\u00e9 les parece este \u00e1lbum de recuerdos del Primer A\u00f1ito?\u00a0\ud83d\udc76\ud83c\udffb<br \/>\n.<br \/>\nPlasmar su primer a\u00f1o y tener un recuerdo para toda la vida es \ud83d\ude0d<br \/>\n.<br \/>\nCons\u00faltanos<\/p>\n","protected":false},"featured_media":1251,"template":"","meta":{"om_disable_all_campaigns":false,"_monsterinsights_skip_tracking":false,"_monsterinsights_sitenote_active":false,"_monsterinsights_sitenote_note":"","_monsterinsights_sitenote_category":0,"site-sidebar-layout":"default","site-content-layout":"default","ast-main-header-display":"","ast-hfb-above-header-display":"","ast-hfb-below-header-display":"","ast-hfb-mobile-header-display":"","site-post-title":"","ast-breadcrumbs-content":"","ast-featured-img":"","footer-sml-layout":"","theme-transparent-header-meta":"","adv-header-id-meta":"","stick-header-meta":"","header-above-stick-meta":"","header-main-stick-meta":"","header-below-stick-meta":""},"product_cat":[57],"product_tag":[],"aioseo_notices":[],"_links":{"self":[{"href":"https:\/\/temime.shop\/index.php\/wp-json\/wp\/v2\/product\/888"}],"collection":[{"href":"https:\/\/temime.shop\/index.php\/wp-json\/wp\/v2\/product"}],"about":[{"href":"https:\/\/temime.shop\/index.php\/wp-json\/wp\/v2\/types\/product"}],"wp:featuredmedia":[{"embeddable":true,"href":"https:\/\/temime.shop\/index.php\/wp-json\/wp\/v2\/media\/1251"}],"wp:attachment":[{"href":"https:\/\/temime.shop\/index.php\/wp-json\/wp\/v2\/media?parent=888"}],"wp:term":[{"taxonomy":"product_cat","embeddable":true,"href":"https:\/\/temime.shop\/index.php\/wp-json\/wp\/v2\/product_cat?post=888"},{"taxonomy":"product_tag","embeddable":true,"href":"https:\/\/temime.shop\/index.php\/wp-json\/wp\/v2\/product_tag?post=888"}],"curies":[{"name":"wp","href":"https:\/\/api.w.org\/{rel}","templated":true}]}}