{"id":892,"date":"2022-06-22T04:00:04","date_gmt":"2022-06-22T04:00:04","guid":{"rendered":"http:\/\/temime.shop\/?post_type=product&#038;p=892"},"modified":"2022-11-01T13:25:13","modified_gmt":"2022-11-01T13:25:13","slug":"kit-bienvenido-bebe","status":"publish","type":"product","link":"https:\/\/temime.shop\/index.php\/product\/kit-bienvenido-bebe\/","title":{"rendered":"KIT BIENVENIDO BEBE"},"content":{"rendered":"","protected":false},"excerpt":{"rendered":"<p>La propuesta\u00a0<a class=\"oajrlxb2 g5ia77u1 qu0x051f esr5mh6w e9989ue4 r7d6kgcz rq0escxv nhd2j8a9 nc684nl6 p7hjln8o kvgmc6g5 cxmmr5t8 oygrvhab hcukyx3x jb3vyjys rz4wbd8a qt6c0cv9 a8nywdso i1ao9s8h esuyzwwr f1sip0of lzcic4wl _aa9_ _a6hd\" tabindex=\"0\" role=\"link\" href=\"https:\/\/www.instagram.com\/explore\/tags\/bienvenidobebe\/?hl=es-la\">#bienvenidobebe<\/a>\u00a0incluye: .<br \/>\n.<br \/>\n.\u2763\ufe0fCuadro con nombre para colgar en la puerta de la Maternidad y luego para el cuarto del beb\u00e9.<br \/>\n.<br \/>\n.\u2763\ufe0fTarjetas souvenir para completar con los datos del nacimiento.<br \/>\n.<br \/>\n.\u2763\ufe0fImanes personalizados .<br \/>\n.<br \/>\n.\ud83d\udc49\ud83c\udffb Se puede elegir el dise\u00f1o?<br \/>\nClaro que s\u00ed!\u00a0Los dise\u00f1os son personalizados, pod\u00e9s elegir dise\u00f1o, colores, tipograf\u00edas, todo a medida de cada beb\u00e9 y su mami.<br \/>\n.<br \/>\n.\ud83d\udc49\ud83c\udffb Se puede agregar algo m\u00e1s?<br \/>\nPor supuesto! Puedo armar la propuesta\u00a0<a class=\"oajrlxb2 g5ia77u1 qu0x051f esr5mh6w e9989ue4 r7d6kgcz rq0escxv nhd2j8a9 nc684nl6 p7hjln8o kvgmc6g5 cxmmr5t8 oygrvhab hcukyx3x jb3vyjys rz4wbd8a qt6c0cv9 a8nywdso i1ao9s8h esuyzwwr f1sip0of lzcic4wl _aa9_ _a6hd\" tabindex=\"0\" role=\"link\" href=\"https:\/\/www.instagram.com\/explore\/tags\/bienvenidobebe\/?hl=es-la\">#bienvenidobebe<\/a>\u00a0a tu medida, agregar o intercambiar lo que necesites!\u00a0\ud83c\udf81.<br \/>\n.<br \/>\n.\ud83d\udc49\ud83c\udffb\u00a0Viene todo preparado o lo tengo que armar yo?<br \/>\nQuedate tranquila! Est\u00e1 todo pensado para que disfrutes de esa llegada tan esperada, ya est\u00e1 todo preparado y listo para recibir al nuevo integrante!\u00a0\ud83d\udc76\ud83c\udffb.<\/p>\n","protected":false},"featured_media":1387,"template":"","meta":{"om_disable_all_campaigns":false,"_monsterinsights_skip_tracking":false,"_monsterinsights_sitenote_active":false,"_monsterinsights_sitenote_note":"","_monsterinsights_sitenote_category":0,"site-sidebar-layout":"default","site-content-layout":"default","ast-main-header-display":"","ast-hfb-above-header-display":"","ast-hfb-below-header-display":"","ast-hfb-mobile-header-display":"","site-post-title":"","ast-breadcrumbs-content":"","ast-featured-img":"","footer-sml-layout":"","theme-transparent-header-meta":"","adv-header-id-meta":"","stick-header-meta":"","header-above-stick-meta":"","header-main-stick-meta":"","header-below-stick-meta":""},"product_cat":[56],"product_tag":[],"aioseo_notices":[],"_links":{"self":[{"href":"https:\/\/temime.shop\/index.php\/wp-json\/wp\/v2\/product\/892"}],"collection":[{"href":"https:\/\/temime.shop\/index.php\/wp-json\/wp\/v2\/product"}],"about":[{"href":"https:\/\/temime.shop\/index.php\/wp-json\/wp\/v2\/types\/product"}],"wp:featuredmedia":[{"embeddable":true,"href":"https:\/\/temime.shop\/index.php\/wp-json\/wp\/v2\/media\/1387"}],"wp:attachment":[{"href":"https:\/\/temime.shop\/index.php\/wp-json\/wp\/v2\/media?parent=892"}],"wp:term":[{"taxonomy":"product_cat","embeddable":true,"href":"https:\/\/temime.shop\/index.php\/wp-json\/wp\/v2\/product_cat?post=892"},{"taxonomy":"product_tag","embeddable":true,"href":"https:\/\/temime.shop\/index.php\/wp-json\/wp\/v2\/product_tag?post=892"}],"curies":[{"name":"wp","href":"https:\/\/api.w.org\/{rel}","templated":true}]}}