{"id":992,"date":"2022-08-12T23:30:19","date_gmt":"2022-08-12T23:30:19","guid":{"rendered":"https:\/\/temime.shop\/?post_type=product&#038;p=992"},"modified":"2025-10-05T22:05:15","modified_gmt":"2025-10-05T22:05:15","slug":"juego-numerico-imantado","status":"publish","type":"product","link":"https:\/\/temime.shop\/index.php\/product\/juego-numerico-imantado\/","title":{"rendered":"Juego num\u00e9rico imantado"},"content":{"rendered":"","protected":false},"excerpt":{"rendered":"<p>Juego did\u00e1ctico: !A contar! \ud83d\ude00\ud83d\ude06\ud83d\ude09\ud83d\ude0e\ud83d\ude0d\ud83d\ude18\ud83d\ude17<\/p>\n<p>\ud83d\udccc Kit de n\u00fameros del 1 al 10 con 3 piezas cada uno.<br \/>\n\ud83d\udccc Forma de Juego: Emparentar las tres piezas de cada n\u00famero: n\u00famero + palabra + cantidad.<br \/>\n\ud83d\udccc Piezas imantadas de 5&#215;5 cm, para jugar sobre cualquier superficie met\u00e1lica.<\/p>\n<p>En\u00a0<a class=\"oajrlxb2 g5ia77u1 qu0x051f esr5mh6w e9989ue4 r7d6kgcz rq0escxv nhd2j8a9 nc684nl6 p7hjln8o kvgmc6g5 cxmmr5t8 oygrvhab hcukyx3x jb3vyjys rz4wbd8a qt6c0cv9 a8nywdso i1ao9s8h esuyzwwr f1sip0of lzcic4wl notranslate _a6hd\" tabindex=\"0\" role=\"link\" href=\"https:\/\/www.instagram.com\/temime.dg\/?hl=es-la\">@temime.dg<\/a>, dise\u00f1amos juegos did\u00e1cticos a pedido y trabajamos en conjunto con Lic. en Psicopedagog\u00eda.<br \/>\nEstos juegos est\u00e1n pensados para ser usados como material did\u00e1ctico con el fin de mejorar las habilidades de ni\u00f1os, asistidos tanto por profesionales, maestros y padres.<\/p>\n<p>Porque la mejor manera de aprender es: JUGANDO \ud83e\udd73\ud83c\udf89!!!<\/p>\n<p>Pod\u00e9s pagar con Mercado Pago o Transferencia Bancaria. Retiras sin cargo en Almagro \/ Palermo y Agronom\u00eda en el Showroom de\u00a0<a class=\"oajrlxb2 g5ia77u1 qu0x051f esr5mh6w e9989ue4 r7d6kgcz rq0escxv nhd2j8a9 nc684nl6 p7hjln8o kvgmc6g5 cxmmr5t8 oygrvhab hcukyx3x jb3vyjys rz4wbd8a qt6c0cv9 a8nywdso i1ao9s8h esuyzwwr f1sip0of lzcic4wl notranslate _a6hd\" tabindex=\"0\" role=\"link\" href=\"https:\/\/www.instagram.com\/hagamosuntrato\/?hl=es-la\">@hagamosuntrato<\/a>\u00a0y\u00a0<a class=\"oajrlxb2 g5ia77u1 qu0x051f esr5mh6w e9989ue4 r7d6kgcz rq0escxv nhd2j8a9 nc684nl6 p7hjln8o kvgmc6g5 cxmmr5t8 oygrvhab hcukyx3x jb3vyjys rz4wbd8a qt6c0cv9 a8nywdso i1ao9s8h esuyzwwr f1sip0of lzcic4wl notranslate _a6hd\" tabindex=\"0\" role=\"link\" href=\"https:\/\/www.instagram.com\/armonyser\/?hl=es-la\">@armonyser<\/a>.<\/p>\n","protected":false},"featured_media":993,"template":"","meta":{"om_disable_all_campaigns":false,"_monsterinsights_skip_tracking":false,"_monsterinsights_sitenote_active":false,"_monsterinsights_sitenote_note":"","_monsterinsights_sitenote_category":0,"site-sidebar-layout":"default","site-content-layout":"default","ast-main-header-display":"","ast-hfb-above-header-display":"","ast-hfb-below-header-display":"","ast-hfb-mobile-header-display":"","site-post-title":"","ast-breadcrumbs-content":"","ast-featured-img":"","footer-sml-layout":"","theme-transparent-header-meta":"","adv-header-id-meta":"","stick-header-meta":"","header-above-stick-meta":"","header-main-stick-meta":"","header-below-stick-meta":""},"product_cat":[57],"product_tag":[],"aioseo_notices":[],"_links":{"self":[{"href":"https:\/\/temime.shop\/index.php\/wp-json\/wp\/v2\/product\/992"}],"collection":[{"href":"https:\/\/temime.shop\/index.php\/wp-json\/wp\/v2\/product"}],"about":[{"href":"https:\/\/temime.shop\/index.php\/wp-json\/wp\/v2\/types\/product"}],"wp:featuredmedia":[{"embeddable":true,"href":"https:\/\/temime.shop\/index.php\/wp-json\/wp\/v2\/media\/993"}],"wp:attachment":[{"href":"https:\/\/temime.shop\/index.php\/wp-json\/wp\/v2\/media?parent=992"}],"wp:term":[{"taxonomy":"product_cat","embeddable":true,"href":"https:\/\/temime.shop\/index.php\/wp-json\/wp\/v2\/product_cat?post=992"},{"taxonomy":"product_tag","embeddable":true,"href":"https:\/\/temime.shop\/index.php\/wp-json\/wp\/v2\/product_tag?post=992"}],"curies":[{"name":"wp","href":"https:\/\/api.w.org\/{rel}","templated":true}]}}